{"id":618,"date":"2020-06-13T08:42:17","date_gmt":"2020-06-13T05:42:17","guid":{"rendered":"https:\/\/spirospapaspirou.gr\/?page_id=618"},"modified":"2020-06-13T18:53:31","modified_gmt":"2020-06-13T15:53:31","slug":"%ce%b2%ce%b9%ce%bf%ce%b3%cf%81%ce%b1%cf%86%ce%b9%ce%ba%cf%8c","status":"publish","type":"page","link":"https:\/\/spirospapaspirou.gr\/sq\/%ce%b2%ce%b9%ce%bf%ce%b3%cf%81%ce%b1%cf%86%ce%b9%ce%ba%cf%8c\/","title":{"rendered":"Sh\u00ebnim Biografik"},"content":{"rendered":"<div class=\"wpb-content-wrapper\"><p>[vc_row row_height_percent=&#8221;0&#8243; overlay_alpha=&#8221;50&#8243; gutter_size=&#8221;3&#8243; column_width_percent=&#8221;100&#8243; shift_y=&#8221;0&#8243; z_index=&#8221;0&#8243; el_class=&#8221;spirospapaspirou-page-title&#8221;][vc_column width=&#8221;1\/1&#8243;][vc_column_text]<\/p>\n<h2>Sh\u00ebnim Biografik<\/h2>\n<p>[\/vc_column_text][\/vc_column][\/vc_row][vc_row][vc_column width=&#8221;1\/2&#8243;][vc_single_image media=&#8221;182&#8243; media_width_percent=&#8221;100&#8243;][\/vc_column][vc_column width=&#8221;1\/2&#8243;][vc_column_text]<\/p>\n<p style=\"text-align: justify;\">Spiros Papaspirou \u00ebsht\u00eb lindur m\u00eb 11 mars 1954 n\u00eb Janin\u00eb. Studioi n\u00eb\u00a0\u00a0 \u00abK.\u03a4.A.\u00bb Korporata Teknologjike e Athin\u00ebs (kolegji Dhoksiadhi) p\u00ebr Restaurim \u2013 Kopjim Veprash Arti (1973 \u2013 1975). Nga viti 1975 deri m\u00eb 1980 studioi p\u00ebr Restauro n\u00eb Universita Internazionale del Arte t\u00eb Florentin\u00ebs si dhe p\u00ebr piktur\u00eb n\u00eb Accademia di Belle Arte n\u00eb studion e pr. Ciulietti (1935 \u2013 2003). Punoi si pedagog n\u00eb gjimnaze dhe lice, n\u00eb Universitetin e Janin\u00ebs, n\u00eb E.A. Vellas dhe n\u00eb Institutin Teknologjik t\u00eb Epirit. Pas transferimit punoi n\u00eb Institutin Pedagogjik si Udh\u00ebheq\u00ebs Artistik i Botimeve. Ka organizuar nj\u00eb ekspozit\u00eb personale dhe ka marr\u00eb pjes\u00eb m\u00eb shum\u00eb t\u00eb tjera me bashkautor\u00eb. \u00cbsht\u00eb an\u00ebtar i Unionit t\u00eb Arteve t\u00eb Aplikuara t\u00eb Greqis\u00eb. Jeton n\u00eb Athin\u00eb.<\/p>\n<p>[\/vc_column_text][\/vc_column][\/vc_row]<\/p>\n<\/div>","protected":false},"excerpt":{"rendered":"<p>[vc_row row_height_percent=&#8221;0&#8243; overlay_alpha=&#8221;50&#8243; gutter_size=&#8221;3&#8243; column_width_percent=&#8221;100&#8243; shift_y=&#8221;0&#8243; z_index=&#8221;0&#8243; el_class=&#8221;spirospapaspirou-page-title&#8221;][vc_column width=&#8221;1\/1&#8243;][vc_column_text] Sh\u00ebnim Biografik [\/vc_column_text][\/vc_column][\/vc_row][vc_row][vc_column width=&#8221;1\/2&#8243;][vc_single_image media=&#8221;182&#8243; media_width_percent=&#8221;100&#8243;][\/vc_column][vc_column width=&#8221;1\/2&#8243;][vc_column_text] Spiros Papaspirou \u00ebsht\u00eb lindur [&hellip;]<\/p>\n","protected":false},"author":1,"featured_media":0,"parent":0,"menu_order":2,"comment_status":"closed","ping_status":"closed","template":"","meta":{"footnotes":""},"class_list":["post-618","page","type-page","status-publish","hentry"],"yoast_head":"<!-- This site is optimized with the Yoast SEO plugin v27.2 - https:\/\/yoast.com\/product\/yoast-seo-wordpress\/ -->\n<title>Sh\u00ebnim Biografik - spirospapaspirou.gr<\/title>\n<meta name=\"robots\" content=\"index, follow, max-snippet:-1, max-image-preview:large, max-video-preview:-1\" \/>\n<link rel=\"canonical\" href=\"https:\/\/spirospapaspirou.gr\/sq\/%ce%b2%ce%b9%ce%bf%ce%b3%cf%81%ce%b1%cf%86%ce%b9%ce%ba%cf%8c\/\" \/>\n<meta property=\"og:locale\" content=\"sq_AL\" \/>\n<meta property=\"og:type\" content=\"article\" \/>\n<meta property=\"og:title\" content=\"Sh\u00ebnim Biografik - spirospapaspirou.gr\" \/>\n<meta property=\"og:description\" content=\"[vc_row row_height_percent=&#8221;0&#8243; overlay_alpha=&#8221;50&#8243; gutter_size=&#8221;3&#8243; column_width_percent=&#8221;100&#8243; shift_y=&#8221;0&#8243; z_index=&#8221;0&#8243; el_class=&#8221;spirospapaspirou-page-title&#8221;][vc_column width=&#8221;1\/1&#8243;][vc_column_text] Sh\u00ebnim Biografik [\/vc_column_text][\/vc_column][\/vc_row][vc_row][vc_column width=&#8221;1\/2&#8243;][vc_single_image media=&#8221;182&#8243; media_width_percent=&#8221;100&#8243;][\/vc_column][vc_column width=&#8221;1\/2&#8243;][vc_column_text] Spiros Papaspirou \u00ebsht\u00eb lindur [&hellip;]\" \/>\n<meta property=\"og:url\" content=\"https:\/\/spirospapaspirou.gr\/sq\/%ce%b2%ce%b9%ce%bf%ce%b3%cf%81%ce%b1%cf%86%ce%b9%ce%ba%cf%8c\/\" \/>\n<meta property=\"og:site_name\" content=\"spirospapaspirou.gr\" \/>\n<meta property=\"article:publisher\" content=\"https:\/\/www.facebook.com\/people\/%ce%a3%cf%80%cf%85%cf%81%ce%bf%cf%82-%ce%a0%ce%b1%cf%80%ce%b1%cf%83%cf%80%cf%85%cf%81%ce%bf%cf%85\/100001248112382\" \/>\n<meta property=\"article:modified_time\" content=\"2020-06-13T15:53:31+00:00\" \/>\n<meta property=\"og:image\" content=\"https:\/\/spirospapaspirou.gr\/wp-content\/uploads\/logo.png\" \/>\n\t<meta property=\"og:image:width\" content=\"335\" \/>\n\t<meta property=\"og:image:height\" content=\"100\" \/>\n\t<meta property=\"og:image:type\" content=\"image\/png\" \/>\n<meta name=\"twitter:card\" content=\"summary_large_image\" \/>\n<meta name=\"twitter:label1\" content=\"Est. reading time\" \/>\n\t<meta name=\"twitter:data1\" content=\"1 minute\" \/>\n<script type=\"application\/ld+json\" class=\"yoast-schema-graph\">{\"@context\":\"https:\/\/schema.org\",\"@graph\":[{\"@type\":\"WebPage\",\"@id\":\"https:\/\/spirospapaspirou.gr\/sq\/%ce%b2%ce%b9%ce%bf%ce%b3%cf%81%ce%b1%cf%86%ce%b9%ce%ba%cf%8c\/\",\"url\":\"https:\/\/spirospapaspirou.gr\/sq\/%ce%b2%ce%b9%ce%bf%ce%b3%cf%81%ce%b1%cf%86%ce%b9%ce%ba%cf%8c\/\",\"name\":\"Sh\u00ebnim Biografik - spirospapaspirou.gr\",\"isPartOf\":{\"@id\":\"https:\/\/spirospapaspirou.gr\/sq\/#website\"},\"datePublished\":\"2020-06-13T05:42:17+00:00\",\"dateModified\":\"2020-06-13T15:53:31+00:00\",\"breadcrumb\":{\"@id\":\"https:\/\/spirospapaspirou.gr\/sq\/%ce%b2%ce%b9%ce%bf%ce%b3%cf%81%ce%b1%cf%86%ce%b9%ce%ba%cf%8c\/#breadcrumb\"},\"inLanguage\":\"sq-AL\",\"potentialAction\":[{\"@type\":\"ReadAction\",\"target\":[\"https:\/\/spirospapaspirou.gr\/sq\/%ce%b2%ce%b9%ce%bf%ce%b3%cf%81%ce%b1%cf%86%ce%b9%ce%ba%cf%8c\/\"]}]},{\"@type\":\"BreadcrumbList\",\"@id\":\"https:\/\/spirospapaspirou.gr\/sq\/%ce%b2%ce%b9%ce%bf%ce%b3%cf%81%ce%b1%cf%86%ce%b9%ce%ba%cf%8c\/#breadcrumb\",\"itemListElement\":[{\"@type\":\"ListItem\",\"position\":1,\"name\":\"Home\",\"item\":\"https:\/\/spirospapaspirou.gr\/sq\/%ce%b1%cf%81%cf%87%ce%b9%ce%ba%ce%ae-%cf%83%ce%b5%ce%bb%ce%af%ce%b4%ce%b1\/\"},{\"@type\":\"ListItem\",\"position\":2,\"name\":\"Sh\u00ebnim Biografik\"}]},{\"@type\":\"WebSite\",\"@id\":\"https:\/\/spirospapaspirou.gr\/sq\/#website\",\"url\":\"https:\/\/spirospapaspirou.gr\/sq\/\",\"name\":\"spirospapaspirou.gr\",\"description\":\"\",\"publisher\":{\"@id\":\"https:\/\/spirospapaspirou.gr\/sq\/#organization\"},\"potentialAction\":[{\"@type\":\"SearchAction\",\"target\":{\"@type\":\"EntryPoint\",\"urlTemplate\":\"https:\/\/spirospapaspirou.gr\/sq\/?s={search_term_string}\"},\"query-input\":{\"@type\":\"PropertyValueSpecification\",\"valueRequired\":true,\"valueName\":\"search_term_string\"}}],\"inLanguage\":\"sq-AL\"},{\"@type\":\"Organization\",\"@id\":\"https:\/\/spirospapaspirou.gr\/sq\/#organization\",\"name\":\"Spiros Papaspirou\",\"url\":\"https:\/\/spirospapaspirou.gr\/sq\/\",\"logo\":{\"@type\":\"ImageObject\",\"inLanguage\":\"sq-AL\",\"@id\":\"https:\/\/spirospapaspirou.gr\/sq\/#\/schema\/logo\/image\/\",\"url\":\"https:\/\/spirospapaspirou.gr\/wp-content\/uploads\/logo.png\",\"contentUrl\":\"https:\/\/spirospapaspirou.gr\/wp-content\/uploads\/logo.png\",\"width\":335,\"height\":100,\"caption\":\"Spiros Papaspirou\"},\"image\":{\"@id\":\"https:\/\/spirospapaspirou.gr\/sq\/#\/schema\/logo\/image\/\"},\"sameAs\":[\"https:\/\/www.facebook.com\/people\/\u03a3\u03c0\u03c5\u03c1\u03bf\u03c2-\u03a0\u03b1\u03c0\u03b1\u03c3\u03c0\u03c5\u03c1\u03bf\u03c5\/100001248112382\"]}]}<\/script>\n<!-- \/ Yoast SEO plugin. -->","yoast_head_json":{"title":"Sh\u00ebnim Biografik - spirospapaspirou.gr","robots":{"index":"index","follow":"follow","max-snippet":"max-snippet:-1","max-image-preview":"max-image-preview:large","max-video-preview":"max-video-preview:-1"},"canonical":"https:\/\/spirospapaspirou.gr\/sq\/%ce%b2%ce%b9%ce%bf%ce%b3%cf%81%ce%b1%cf%86%ce%b9%ce%ba%cf%8c\/","og_locale":"sq_AL","og_type":"article","og_title":"Sh\u00ebnim Biografik - spirospapaspirou.gr","og_description":"[vc_row row_height_percent=&#8221;0&#8243; overlay_alpha=&#8221;50&#8243; gutter_size=&#8221;3&#8243; column_width_percent=&#8221;100&#8243; shift_y=&#8221;0&#8243; z_index=&#8221;0&#8243; el_class=&#8221;spirospapaspirou-page-title&#8221;][vc_column width=&#8221;1\/1&#8243;][vc_column_text] Sh\u00ebnim Biografik [\/vc_column_text][\/vc_column][\/vc_row][vc_row][vc_column width=&#8221;1\/2&#8243;][vc_single_image media=&#8221;182&#8243; media_width_percent=&#8221;100&#8243;][\/vc_column][vc_column width=&#8221;1\/2&#8243;][vc_column_text] Spiros Papaspirou \u00ebsht\u00eb lindur [&hellip;]","og_url":"https:\/\/spirospapaspirou.gr\/sq\/%ce%b2%ce%b9%ce%bf%ce%b3%cf%81%ce%b1%cf%86%ce%b9%ce%ba%cf%8c\/","og_site_name":"spirospapaspirou.gr","article_publisher":"https:\/\/www.facebook.com\/people\/%ce%a3%cf%80%cf%85%cf%81%ce%bf%cf%82-%ce%a0%ce%b1%cf%80%ce%b1%cf%83%cf%80%cf%85%cf%81%ce%bf%cf%85\/100001248112382","article_modified_time":"2020-06-13T15:53:31+00:00","og_image":[{"width":335,"height":100,"url":"https:\/\/spirospapaspirou.gr\/wp-content\/uploads\/logo.png","type":"image\/png"}],"twitter_card":"summary_large_image","twitter_misc":{"Est. reading time":"1 minute"},"schema":{"@context":"https:\/\/schema.org","@graph":[{"@type":"WebPage","@id":"https:\/\/spirospapaspirou.gr\/sq\/%ce%b2%ce%b9%ce%bf%ce%b3%cf%81%ce%b1%cf%86%ce%b9%ce%ba%cf%8c\/","url":"https:\/\/spirospapaspirou.gr\/sq\/%ce%b2%ce%b9%ce%bf%ce%b3%cf%81%ce%b1%cf%86%ce%b9%ce%ba%cf%8c\/","name":"Sh\u00ebnim Biografik - spirospapaspirou.gr","isPartOf":{"@id":"https:\/\/spirospapaspirou.gr\/sq\/#website"},"datePublished":"2020-06-13T05:42:17+00:00","dateModified":"2020-06-13T15:53:31+00:00","breadcrumb":{"@id":"https:\/\/spirospapaspirou.gr\/sq\/%ce%b2%ce%b9%ce%bf%ce%b3%cf%81%ce%b1%cf%86%ce%b9%ce%ba%cf%8c\/#breadcrumb"},"inLanguage":"sq-AL","potentialAction":[{"@type":"ReadAction","target":["https:\/\/spirospapaspirou.gr\/sq\/%ce%b2%ce%b9%ce%bf%ce%b3%cf%81%ce%b1%cf%86%ce%b9%ce%ba%cf%8c\/"]}]},{"@type":"BreadcrumbList","@id":"https:\/\/spirospapaspirou.gr\/sq\/%ce%b2%ce%b9%ce%bf%ce%b3%cf%81%ce%b1%cf%86%ce%b9%ce%ba%cf%8c\/#breadcrumb","itemListElement":[{"@type":"ListItem","position":1,"name":"Home","item":"https:\/\/spirospapaspirou.gr\/sq\/%ce%b1%cf%81%cf%87%ce%b9%ce%ba%ce%ae-%cf%83%ce%b5%ce%bb%ce%af%ce%b4%ce%b1\/"},{"@type":"ListItem","position":2,"name":"Sh\u00ebnim Biografik"}]},{"@type":"WebSite","@id":"https:\/\/spirospapaspirou.gr\/sq\/#website","url":"https:\/\/spirospapaspirou.gr\/sq\/","name":"spirospapaspirou.gr","description":"","publisher":{"@id":"https:\/\/spirospapaspirou.gr\/sq\/#organization"},"potentialAction":[{"@type":"SearchAction","target":{"@type":"EntryPoint","urlTemplate":"https:\/\/spirospapaspirou.gr\/sq\/?s={search_term_string}"},"query-input":{"@type":"PropertyValueSpecification","valueRequired":true,"valueName":"search_term_string"}}],"inLanguage":"sq-AL"},{"@type":"Organization","@id":"https:\/\/spirospapaspirou.gr\/sq\/#organization","name":"Spiros Papaspirou","url":"https:\/\/spirospapaspirou.gr\/sq\/","logo":{"@type":"ImageObject","inLanguage":"sq-AL","@id":"https:\/\/spirospapaspirou.gr\/sq\/#\/schema\/logo\/image\/","url":"https:\/\/spirospapaspirou.gr\/wp-content\/uploads\/logo.png","contentUrl":"https:\/\/spirospapaspirou.gr\/wp-content\/uploads\/logo.png","width":335,"height":100,"caption":"Spiros Papaspirou"},"image":{"@id":"https:\/\/spirospapaspirou.gr\/sq\/#\/schema\/logo\/image\/"},"sameAs":["https:\/\/www.facebook.com\/people\/\u03a3\u03c0\u03c5\u03c1\u03bf\u03c2-\u03a0\u03b1\u03c0\u03b1\u03c3\u03c0\u03c5\u03c1\u03bf\u03c5\/100001248112382"]}]}},"_links":{"self":[{"href":"https:\/\/spirospapaspirou.gr\/sq\/wp-json\/wp\/v2\/pages\/618","targetHints":{"allow":["GET"]}}],"collection":[{"href":"https:\/\/spirospapaspirou.gr\/sq\/wp-json\/wp\/v2\/pages"}],"about":[{"href":"https:\/\/spirospapaspirou.gr\/sq\/wp-json\/wp\/v2\/types\/page"}],"author":[{"embeddable":true,"href":"https:\/\/spirospapaspirou.gr\/sq\/wp-json\/wp\/v2\/users\/1"}],"replies":[{"embeddable":true,"href":"https:\/\/spirospapaspirou.gr\/sq\/wp-json\/wp\/v2\/comments?post=618"}],"version-history":[{"count":0,"href":"https:\/\/spirospapaspirou.gr\/sq\/wp-json\/wp\/v2\/pages\/618\/revisions"}],"wp:attachment":[{"href":"https:\/\/spirospapaspirou.gr\/sq\/wp-json\/wp\/v2\/media?parent=618"}],"curies":[{"name":"wp","href":"https:\/\/api.w.org\/{rel}","templated":true}]}}